{"id":88,"date":"2025-05-20T18:35:20","date_gmt":"2025-05-20T16:35:20","guid":{"rendered":"https:\/\/www.tiertherapie-polster.de\/?page_id=88"},"modified":"2025-09-08T19:19:55","modified_gmt":"2025-09-08T17:19:55","slug":"kontakt","status":"publish","type":"page","link":"https:\/\/www.tiertherapie-polster.de\/?page_id=88","title":{"rendered":"Kontakt"},"content":{"rendered":"\n<p>Tiertherapie Johanna Polster<\/p>\n\n\n\n<p>Deisenham 34a<\/p>\n\n\n\n<p>83308 Trostberg<\/p>\n\n\n\n<p>0174 \/ 8261898<\/p>\n\n\n\n<p>info@tiertherapie-polster.de<\/p>\n\n\n\n<p>Termine nur nach Vereinbarung und von Montag bis Freitag, Samstags nur in Ausnahmef\u00e4llen und nach Absprache.<\/p>\n\n\n\n<p>Da ich die Tiertherapie neben meinem Vollzeitjob in der Tierarztpraxis aus\u00fcbe, sind Termine nur in meiner Mittagspause, abends oder an meinem freien Tag am Donnerstag m\u00f6glich. Bitte haben Sie Verst\u00e4ndnis daf\u00fcr, dass dadurch bei Neukunden (Ausnahme Notf\u00e4lle) Termine oft erst nach ein paar Wochen m\u00f6glich sind.<\/p>\n\n\n\n<figure class=\"wp-block-image size-full is-resized\"><a href=\"https:\/\/www.instagram.com\/tiertherapie.polster\/?igsh=MWF4bm1jczEwcHppZA%3D%3D\" target=\"_blank\" rel=\" noreferrer noopener\"><img loading=\"lazy\" decoding=\"async\" width=\"865\" height=\"865\" src=\"https:\/\/www.tiertherapie-polster.de\/wp-content\/uploads\/2025\/05\/20250520_190211.jpg\" alt=\"\" class=\"wp-image-90\" style=\"width:176px;height:auto\" srcset=\"https:\/\/www.tiertherapie-polster.de\/wp-content\/uploads\/2025\/05\/20250520_190211.jpg 865w, https:\/\/www.tiertherapie-polster.de\/wp-content\/uploads\/2025\/05\/20250520_190211-300x300.jpg 300w, https:\/\/www.tiertherapie-polster.de\/wp-content\/uploads\/2025\/05\/20250520_190211-150x150.jpg 150w, https:\/\/www.tiertherapie-polster.de\/wp-content\/uploads\/2025\/05\/20250520_190211-768x768.jpg 768w\" sizes=\"auto, (max-width: 865px) 100vw, 865px\" \/><\/a><\/figure>\n\n\n\n<p><\/p>\n\n\n\n<div class=\"wp-block-contact-form-7-contact-form-selector\">\n<div class=\"wpcf7 no-js\" id=\"wpcf7-f109-o1\" lang=\"de-DE\" dir=\"ltr\" data-wpcf7-id=\"109\">\n<div class=\"screen-reader-response\"><p role=\"status\" aria-live=\"polite\" aria-atomic=\"true\"><\/p> <ul><\/ul><\/div>\n<form action=\"\/index.php?rest_route=%2Fwp%2Fv2%2Fpages%2F88#wpcf7-f109-o1\" method=\"post\" class=\"wpcf7-form init\" aria-label=\"Kontaktformular\" novalidate=\"novalidate\" data-status=\"init\">\n<fieldset class=\"hidden-fields-container\"><input type=\"hidden\" name=\"_wpcf7\" value=\"109\" \/><input type=\"hidden\" name=\"_wpcf7_version\" value=\"6.1.5\" \/><input type=\"hidden\" name=\"_wpcf7_locale\" value=\"de_DE\" \/><input type=\"hidden\" name=\"_wpcf7_unit_tag\" value=\"wpcf7-f109-o1\" \/><input type=\"hidden\" name=\"_wpcf7_container_post\" value=\"0\" \/><input type=\"hidden\" name=\"_wpcf7_posted_data_hash\" value=\"\" \/>\n<\/fieldset>\n<p><label> Dein Name<br \/>\n<span class=\"wpcf7-form-control-wrap\" data-name=\"your-name\"><input size=\"40\" maxlength=\"400\" class=\"wpcf7-form-control wpcf7-text wpcf7-validates-as-required\" autocomplete=\"name\" aria-required=\"true\" aria-invalid=\"false\" value=\"\" type=\"text\" name=\"your-name\" \/><\/span> <\/label>\n<\/p>\n<p><label> Deine E-Mail-Adresse<br \/>\n<span class=\"wpcf7-form-control-wrap\" data-name=\"your-email\"><input size=\"40\" maxlength=\"400\" class=\"wpcf7-form-control wpcf7-email wpcf7-validates-as-required wpcf7-text wpcf7-validates-as-email\" autocomplete=\"email\" aria-required=\"true\" aria-invalid=\"false\" value=\"\" type=\"email\" name=\"your-email\" \/><\/span> <\/label>\n<\/p>\n<p><label> Betreff<br \/>\n<span class=\"wpcf7-form-control-wrap\" data-name=\"your-subject\"><input size=\"40\" maxlength=\"400\" class=\"wpcf7-form-control wpcf7-text wpcf7-validates-as-required\" aria-required=\"true\" aria-invalid=\"false\" value=\"\" type=\"text\" name=\"your-subject\" \/><\/span> <\/label>\n<\/p>\n<p><label> Deine Nachricht (optional)<br \/>\n<span class=\"wpcf7-form-control-wrap\" data-name=\"your-message\"><textarea cols=\"40\" rows=\"10\" maxlength=\"2000\" class=\"wpcf7-form-control wpcf7-textarea\" aria-invalid=\"false\" name=\"your-message\"><\/textarea><\/span> <\/label>\n<\/p>\n<p><input class=\"wpcf7-form-control wpcf7-submit has-spinner\" type=\"submit\" value=\"Senden\" \/>\n<\/p><div class=\"wpcf7-response-output\" aria-hidden=\"true\"><\/div>\n<\/form>\n<\/div>\n<\/div>\n\n\n\n<p><\/p>\n","protected":false},"excerpt":{"rendered":"<p>Tiertherapie Johanna Polster Deisenham 34a 83308 Trostberg 0174 \/ 8261898 info@tiertherapie-polster.de Termine nur nach Vereinbarung und von Montag bis Freitag, Samstags nur in Ausnahmef\u00e4llen und nach Absprache. Da ich die Tiertherapie neben meinem Vollzeitjob in der Tierarztpraxis aus\u00fcbe, sind Termine nur in meiner Mittagspause, abends oder an meinem freien Tag am Donnerstag m\u00f6glich. Bitte haben [&hellip;]<\/p>\n","protected":false},"author":1,"featured_media":0,"parent":0,"menu_order":3,"comment_status":"open","ping_status":"closed","template":"","meta":{"footnotes":""},"class_list":["post-88","page","type-page","status-publish","hentry"],"_links":{"self":[{"href":"https:\/\/www.tiertherapie-polster.de\/index.php?rest_route=\/wp\/v2\/pages\/88","targetHints":{"allow":["GET"]}}],"collection":[{"href":"https:\/\/www.tiertherapie-polster.de\/index.php?rest_route=\/wp\/v2\/pages"}],"about":[{"href":"https:\/\/www.tiertherapie-polster.de\/index.php?rest_route=\/wp\/v2\/types\/page"}],"author":[{"embeddable":true,"href":"https:\/\/www.tiertherapie-polster.de\/index.php?rest_route=\/wp\/v2\/users\/1"}],"replies":[{"embeddable":true,"href":"https:\/\/www.tiertherapie-polster.de\/index.php?rest_route=%2Fwp%2Fv2%2Fcomments&post=88"}],"version-history":[{"count":10,"href":"https:\/\/www.tiertherapie-polster.de\/index.php?rest_route=\/wp\/v2\/pages\/88\/revisions"}],"predecessor-version":[{"id":151,"href":"https:\/\/www.tiertherapie-polster.de\/index.php?rest_route=\/wp\/v2\/pages\/88\/revisions\/151"}],"wp:attachment":[{"href":"https:\/\/www.tiertherapie-polster.de\/index.php?rest_route=%2Fwp%2Fv2%2Fmedia&parent=88"}],"curies":[{"name":"wp","href":"https:\/\/api.w.org\/{rel}","templated":true}]}}