{"id":2,"date":"2025-04-23T07:58:08","date_gmt":"2025-04-23T05:58:08","guid":{"rendered":"https:\/\/www.tiertherapie-polster.de\/?page_id=2"},"modified":"2025-12-16T16:33:42","modified_gmt":"2025-12-16T15:33:42","slug":"beispiel-seite","status":"publish","type":"page","link":"https:\/\/www.tiertherapie-polster.de\/?page_id=2","title":{"rendered":"\u00dcber mich"},"content":{"rendered":"\n<p>Ich wurde im Jahr 2000 geboren und komme aus dem kleinen sch\u00f6nen Dorf Deisenham. Schon von ganz klein auf hatte ich eine enge Verbindung zur Natur und allen Tieren. <\/p>\n\n\n\n<figure class=\"wp-block-image aligncenter size-large is-resized\"><img loading=\"lazy\" decoding=\"async\" width=\"1024\" height=\"680\" src=\"https:\/\/www.tiertherapie-polster.de\/wp-content\/uploads\/2025\/05\/20250527_085220-1024x680.jpg\" alt=\"\" class=\"wp-image-119\" style=\"width:404px;height:auto\" srcset=\"https:\/\/www.tiertherapie-polster.de\/wp-content\/uploads\/2025\/05\/20250527_085220-1024x680.jpg 1024w, https:\/\/www.tiertherapie-polster.de\/wp-content\/uploads\/2025\/05\/20250527_085220-300x199.jpg 300w, https:\/\/www.tiertherapie-polster.de\/wp-content\/uploads\/2025\/05\/20250527_085220-768x510.jpg 768w, https:\/\/www.tiertherapie-polster.de\/wp-content\/uploads\/2025\/05\/20250527_085220-1536x1019.jpg 1536w, https:\/\/www.tiertherapie-polster.de\/wp-content\/uploads\/2025\/05\/20250527_085220-2048x1359.jpg 2048w\" sizes=\"auto, (max-width: 1024px) 100vw, 1024px\" \/><\/figure>\n\n\n\n<p><br>Verschiedenste Haustiere wie Kaninchen, Katzen und H\u00fchner wurden privat schon seit Langem von meiner Mama bei einfacheren F\u00e4llen, wo eine sofortige schulmedizinische Behandlung noch nicht notwendig war, naturheilkundlich und hom\u00f6opathisch mit gro\u00dfem Erfolg behandelt, wodurch auch ich schon fr\u00fch mit Naturheilverfahren in Ber\u00fchrung gekommen bin.<\/p>\n\n\n\n<div class=\"wp-block-group is-nowrap is-layout-flex wp-container-core-group-is-layout-6c531013 wp-block-group-is-layout-flex\">\n<p>Da ich die Schulmedizin jedoch nicht au\u00dfen vor lassen wollte und ein Beruf ohne Tiere f\u00fcr mich nicht vorstellbar war, begann ich 2017 nach meinem erfolgreichen Realschusabschluss die Ausbildung zur Tiermedizinischen Fachangestellten in der Kleintierpraxis von Fr. Dr. Koldt in Traunreut.<\/p>\n<\/div>\n\n\n\n<figure class=\"wp-block-image aligncenter size-large is-resized\"><img loading=\"lazy\" decoding=\"async\" width=\"768\" height=\"1024\" src=\"https:\/\/www.tiertherapie-polster.de\/wp-content\/uploads\/2025\/05\/IMG-20250426-WA0036-3-768x1024.jpg\" alt=\"\" class=\"wp-image-85\" style=\"width:283px;height:auto\" srcset=\"https:\/\/www.tiertherapie-polster.de\/wp-content\/uploads\/2025\/05\/IMG-20250426-WA0036-3-768x1024.jpg 768w, https:\/\/www.tiertherapie-polster.de\/wp-content\/uploads\/2025\/05\/IMG-20250426-WA0036-3-225x300.jpg 225w, https:\/\/www.tiertherapie-polster.de\/wp-content\/uploads\/2025\/05\/IMG-20250426-WA0036-3-1152x1536.jpg 1152w, https:\/\/www.tiertherapie-polster.de\/wp-content\/uploads\/2025\/05\/IMG-20250426-WA0036-3.jpg 1200w\" sizes=\"auto, (max-width: 768px) 100vw, 768px\" \/><\/figure>\n\n\n\n<div class=\"wp-block-group is-nowrap is-layout-flex wp-container-core-group-is-layout-6c531013 wp-block-group-is-layout-flex\">\n<p>Nach erfolgreichem Abschluss der Ausbildung zur TMFA wollte ich selbst noch mehr f\u00fcr alle Tiere tun und begann deshalb 2021 beim Institut f\u00fcr Tierheilkunde das Studium zur Tierphysiotherapeutin und Tierakupunkteurin f\u00fcr Klein-und Gro\u00dftiere mit zertifiziertem Abschluss 2023. In der Zwischenzeit entstand neben meiner Vollzeitarbeit in der Praxis mein Kleingewerbe &#8220;Tierphysiotherapie und Akupunktur&#8221;. Um auch die Natur und ihre heilenden Eigenschaften noch besser mit einzubinden, habe ich im Jahr 2024 noch das Studium zur Tierheilpraktikerin angeh\u00e4ngt und im November 2024 ebenso sehr erfolgreich abgeschlossen. Der Name meines Gewerbes \u00e4nderte sich daraufhin in &#8220;Tiertherapie Johanna Polster&#8221;. Den Studiengang zur Tierosteopathin f\u00fcr Klein- und Gro\u00dftiere habe ich nach einem Jahr Studium bei der Tiertherapieakademie Steinberger im Dezember 2025 erfolgreich abgeschlossen.<\/p>\n\n\n\n<p><\/p>\n<\/div>\n\n\n\n<p>Zudem besuche ich regelm\u00e4\u00dfig Fortbildungen und Webinare um mich in allen therapeutischen Richtungen weiterzubilden, damit ich eure Fell- und Federtiere noch besser behandeln und betreuen kann.<\/p>\n\n\n\n<figure class=\"wp-block-image aligncenter size-large is-resized\"><img loading=\"lazy\" decoding=\"async\" width=\"1024\" height=\"768\" src=\"https:\/\/www.tiertherapie-polster.de\/wp-content\/uploads\/2025\/05\/20220527191155_IMG_4539-1024x768.jpg\" alt=\"\" class=\"wp-image-72\" style=\"width:434px;height:auto\" srcset=\"https:\/\/www.tiertherapie-polster.de\/wp-content\/uploads\/2025\/05\/20220527191155_IMG_4539-1024x768.jpg 1024w, https:\/\/www.tiertherapie-polster.de\/wp-content\/uploads\/2025\/05\/20220527191155_IMG_4539-300x225.jpg 300w, https:\/\/www.tiertherapie-polster.de\/wp-content\/uploads\/2025\/05\/20220527191155_IMG_4539-768x576.jpg 768w, https:\/\/www.tiertherapie-polster.de\/wp-content\/uploads\/2025\/05\/20220527191155_IMG_4539-1536x1152.jpg 1536w, https:\/\/www.tiertherapie-polster.de\/wp-content\/uploads\/2025\/05\/20220527191155_IMG_4539.jpg 2048w\" sizes=\"auto, (max-width: 1024px) 100vw, 1024px\" \/><\/figure>\n\n\n\n<p>In meiner Freizeit k\u00fcmmere ich mich, neben meinem Vollzeitjob und meinem Nebengewerbe, seit nun fast 8 Jahren um verletzte, kranke oder zu kleine Wildtiere aller Art, welche von mir aufgezogen, gepflegt und immer wenn m\u00f6glich wieder ausgewildert werden. Dabei waren bisher die verschiedensten Tiere, von Spatzen, \u00fcber Amseln und Stare zum Mauersegler, \u00fcber Igel und Siebenschl\u00e4fern zu Feldhasen oder Eichh\u00f6rnchen.<br>Da dies sehr viel Zeit in Anspruch nimmt und zudem nat\u00fcrlich auch mit einigen Kosten verbunden ist, versuche ich immer mehr, die Menschen in die Eigenverantwortung zu bringen und stehe gerne mit Rat und Tipps zur Seite. <\/p>\n\n\n\n<figure class=\"wp-block-image aligncenter size-large is-resized\"><img loading=\"lazy\" decoding=\"async\" width=\"1024\" height=\"682\" src=\"https:\/\/www.tiertherapie-polster.de\/wp-content\/uploads\/2025\/05\/sketch1744992614622-1-1024x682.jpeg\" alt=\"\" class=\"wp-image-68\" style=\"width:445px;height:auto\" srcset=\"https:\/\/www.tiertherapie-polster.de\/wp-content\/uploads\/2025\/05\/sketch1744992614622-1-1024x682.jpeg 1024w, https:\/\/www.tiertherapie-polster.de\/wp-content\/uploads\/2025\/05\/sketch1744992614622-1-300x200.jpeg 300w, https:\/\/www.tiertherapie-polster.de\/wp-content\/uploads\/2025\/05\/sketch1744992614622-1-768x511.jpeg 768w, https:\/\/www.tiertherapie-polster.de\/wp-content\/uploads\/2025\/05\/sketch1744992614622-1.jpeg 1026w\" sizes=\"auto, (max-width: 1024px) 100vw, 1024px\" \/><\/figure>\n\n\n\n<p><sup>&#8211;<\/sup><\/p>\n\n\n\n<p><strong><em>Fortbildungen\/Seminare:<\/em><\/strong><\/p>\n\n\n\n<p>-&gt; diverse Fortbildungen \u00fcber die Tierarztpraxis (f\u00fcr mehr Infos: <a href=\"https:\/\/tierarztpraxis-koldt.de\/?page_id=45\" data-type=\"link\" data-id=\"https:\/\/tierarztpraxis-koldt.de\/?page_id=45\">https:\/\/tierarztpraxis-koldt.de\/?page_id=45<\/a>)<\/p>\n\n\n\n<p>-&gt; Physiotherapie in der Kleintierpraxis (Jan. 2024)<\/p>\n\n\n\n<p>-&gt; Tierschutzhunde \u2013 das \u00dc-Ei unter den Vierbeinern und ihre Behandlung (M\u00e4rz 2024)<\/p>\n\n\n\n<p>-&gt; Tatort Pferdemagen &#8211; von den ersten Symptomen bis zum angepassten F\u00fctterungs- und Haltungsmanagement (Apr. 2024)<\/p>\n\n\n\n<p>-&gt; Mikrobiom gut &#8211; alles gut? (Jan. 2025)<\/p>\n\n\n\n<p>-&gt; gesunde Leistungssteigerung bei Hunden (Feb. 2025)<\/p>\n\n\n\n<p>-&gt; Blutbilder bei Hund und Katze (M\u00e4rz 2025)<\/p>\n\n\n\n<p>-&gt; Konstitutionsmittel bei Rindern &#8211; Teil I &#8211; Wachstum und Entwicklung (Apr. 2025)<\/p>\n\n\n\n<p>-&gt; Konstitutionsmittel bei Rindern &#8211; Teil III &#8211; Stoffwechsel und Entgiftung (Mai 2025)<\/p>\n\n\n\n<p>-&gt; Die etwas andere Kr\u00e4uterheilkunde f\u00fcr Tiere &#8211; Fortbildungsreihe westliche<br>Phytotherapie trifft Erfahrungsmedizin (Mai 2025)<\/p>\n","protected":false},"excerpt":{"rendered":"<p>Ich wurde im Jahr 2000 geboren und komme aus dem kleinen sch\u00f6nen Dorf Deisenham. Schon von ganz klein auf hatte ich eine enge Verbindung zur Natur und allen Tieren. Verschiedenste Haustiere wie Kaninchen, Katzen und H\u00fchner wurden privat schon seit Langem von meiner Mama bei einfacheren F\u00e4llen, wo eine sofortige schulmedizinische Behandlung noch nicht notwendig [&hellip;]<\/p>\n","protected":false},"author":1,"featured_media":0,"parent":0,"menu_order":0,"comment_status":"closed","ping_status":"open","template":"","meta":{"footnotes":""},"class_list":["post-2","page","type-page","status-publish","hentry"],"_links":{"self":[{"href":"https:\/\/www.tiertherapie-polster.de\/index.php?rest_route=\/wp\/v2\/pages\/2","targetHints":{"allow":["GET"]}}],"collection":[{"href":"https:\/\/www.tiertherapie-polster.de\/index.php?rest_route=\/wp\/v2\/pages"}],"about":[{"href":"https:\/\/www.tiertherapie-polster.de\/index.php?rest_route=\/wp\/v2\/types\/page"}],"author":[{"embeddable":true,"href":"https:\/\/www.tiertherapie-polster.de\/index.php?rest_route=\/wp\/v2\/users\/1"}],"replies":[{"embeddable":true,"href":"https:\/\/www.tiertherapie-polster.de\/index.php?rest_route=%2Fwp%2Fv2%2Fcomments&post=2"}],"version-history":[{"count":21,"href":"https:\/\/www.tiertherapie-polster.de\/index.php?rest_route=\/wp\/v2\/pages\/2\/revisions"}],"predecessor-version":[{"id":185,"href":"https:\/\/www.tiertherapie-polster.de\/index.php?rest_route=\/wp\/v2\/pages\/2\/revisions\/185"}],"wp:attachment":[{"href":"https:\/\/www.tiertherapie-polster.de\/index.php?rest_route=%2Fwp%2Fv2%2Fmedia&parent=2"}],"curies":[{"name":"wp","href":"https:\/\/api.w.org\/{rel}","templated":true}]}}